{"id":472,"date":"2018-06-05T10:52:03","date_gmt":"2018-06-05T08:52:03","guid":{"rendered":"http:\/\/www.unigea-sp.com\/?page_id=472"},"modified":"2019-08-08T13:30:41","modified_gmt":"2019-08-08T11:30:41","slug":"datenschutz","status":"publish","type":"page","link":"https:\/\/www.unigea-sp.com\/de\/datenschutz\/","title":{"rendered":"Datenschutz"},"content":{"rendered":"<div class='conblock  clearfix'><div class='conblock-inner'>\n<h1>Datenschutzerkl\u00e4rung f\u00fcr Gesch\u00e4ftspartner<\/h1>\n<p>Diese Erkl\u00e4rung beschreibt, wie Unigea Solar Projects GmbH, Johann-Hittorf-Str. 8, 12489 Berlin, Deutschland (\u201ewir\u201c), Ihre personenbezogenen Daten verarbeitet. Die Erkl\u00e4rung richtet sich an bestehende und ehemalige Gesch\u00e4ftspartner, Interessenten und potentielle zuk\u00fcnftige Gesch\u00e4ftspartner, sowie ihre jeweiligen Gesellschafter, Organe und sonstigen Mitarbeiter.<\/p>\n<h2><b><\/b>1. Zwecke der Datenverarbeitung<\/h2>\n<p>Wir werden Ihre personenbezogenen Daten zu folgenden Zwecken verarbeiten:<span class=\"Apple-converted-space\">\u00a0<\/span><\/p>\n<ol>\n<li style=\"list-style-type: none;\">\n<ul>\n<li>zur Begr\u00fcndung, Verwaltung und Abwicklung der Gesch\u00e4ftsbeziehung;<\/li>\n<li>zur St\u00e4rkung der bestehenden Gesch\u00e4ftsbeziehung bzw. zum Aufbau einer neuen Gesch\u00e4ftsbeziehung oder dem Herantreten an Interessenten, einschlie\u00dflich der Information \u00fcber aktuelle Entwicklungen und unser Dienstleistungsangebot (Marketing);<\/li>\n<li>zur Projektabwicklung im In- und Ausland;<\/li>\n<li>zur Durchf\u00fchrung von Due Diligences oder deren Organisation im Rahmen von Kauf- oder Verkaufsprozessen.<\/li>\n<\/ul>\n<\/li>\n<\/ol>\n<p>Soweit wir Ihre personenbezogenen Daten bei Ihnen selbst erheben, ist die Bereitstellung Ihrer Daten grunds\u00e4tzlich freiwillig. Allerdings k\u00f6nnen wir unseren Auftrag nicht oder nicht vollst\u00e4ndig erf\u00fcllen, wenn Sie Ihre personenbezogenen Daten nicht bereitstellen.<\/p>\n<h2><b><\/b>2. Rechtsgrundlagen der Verarbeitung<\/h2>\n<p>Wenn Sie ein Interessent bzw. potentiell zuk\u00fcnftiger Gesch\u00e4ftspartner sind, werden wir Ihre Kontaktdaten zum Zweck der Direktkontaktierung \u00fcber den Weg der Zusendung elektronischer Post oder der telefonischen Kontaktaufnahme nur mit Ihrer Einwilligung gem\u00e4\u00df Datenschutzgrundverordnung (\u201eDSGVO\u201c) verarbeiten.<\/p>\n<p>Wenn Sie unser Gesch\u00e4ftspartner sind, verarbeiten wir Ihre personenbezogenen Daten, weil dies erforderlich ist, um den mit Ihnen geschlossenen Vertrag zu erf\u00fcllen.<\/p>\n<p>Im \u00dcbrigen verarbeiten wir Ihre personenbezogenen Daten auf der Grundlage unseres \u00fcberwiegenden berechtigten Interesses, die unter Punkt\u00a01 genannten Zwecke zu erreichen.<\/p>\n<h2><b><\/b>3. \u00dcbermittlung Ihrer personenbezogenen Daten<\/h2>\n<p>Soweit dies zu den unter Punkt\u00a01 genannten Zwecken zwingend erforderlich ist, werden wir Ihre personenbezogenen Daten an folgende Empf\u00e4nger \u00fcbermitteln:<\/p>\n<ul>\n<li>von uns eingesetzte IT-Dienstleister,<\/li>\n<li>Verwaltungsbeh\u00f6rden, Gerichte und K\u00f6rperschaften des \u00f6ffentlichen Rechtes,<\/li>\n<li>Steuerberater, Wirtschaftspr\u00fcfer und\/oder Rechtsanw\u00e4lte f\u00fcr Zwecke einer Pr\u00fcfung oder Beratung,<\/li>\n<li>andere Gesch\u00e4ftspartner, mit denen wir projektbezogen zusammenarbeiten,<\/li>\n<li>Kooperationspartner,<\/li>\n<li>vom Gesch\u00e4ftspartner bestimmte sonstige Empf\u00e4nger (z.B. Konzerngesellschaften des Gesch\u00e4ftspartners, Kaufinteressenten, Beteiligungsunternehmen).<\/li>\n<\/ul>\n<p>Manche der oben genannten Empf\u00e4nger k\u00f6nnen sich au\u00dferhalb Deutschlands befinden oder Ihre personenbezogenen Daten au\u00dferhalb Deutschlands verarbeiten. Das Datenschutzniveau in anderen L\u00e4ndern entspricht unter Umst\u00e4nden nicht jenem Deutschlands. Wir setzen daher Ma\u00dfnahmen, um zu gew\u00e4hrleisten, dass alle Empf\u00e4nger ein angemessenes Datenschutzniveau bieten. Dazu schlie\u00dfen wir beispielsweise Standardvertragsklauseln (2010\/87\/EC und\/oder 2004\/915\/EC) ab. Diese sind auf Anfrage verf\u00fcgbar (siehe Punkt\u00a06).<span class=\"Apple-converted-space\">\u00a0<\/span><\/p>\n<h2><b><\/b>4. Speicherdauer<\/h2>\n<p>Wir speichern Ihre personenbezogenen Daten grunds\u00e4tzlich bis zur Beendigung der Gesch\u00e4ftsbeziehung im Rahmen derer wir Ihre Daten erhoben haben oder bis zum Ablauf der anwendbaren gesetzlichen Verj\u00e4hrungs- und Aufbewahrungsfristen; dar\u00fcber hinaus bis zur Beendigung von allf\u00e4lligen Rechtsstreitigkeiten, bei denen die Daten als Beweis ben\u00f6tigt werden. Soweit Sie ein Gesch\u00e4ftspartner, ehemaliger Gesch\u00e4ftspartner, Interessent bzw. potentiell zuk\u00fcnftiger Gesch\u00e4ftspartner oder eine Kontaktperson bei einer der Vorgenannten sind, speichern wir Ihre personenbezogenen Daten f\u00fcr die Zwecke des Marketings bis zu Ihrem Widerspruch oder dem Widerruf Ihrer Einwilligung, soweit die Marketingma\u00dfnahme auf Grundlage Ihrer Einwilligung erfolgt.<\/p>\n<h2><b><\/b>5. Ihre Rechte im Zusammenhang mit personenbezogenen Daten<\/h2>\n<p>Sie sind unter anderem berechtigt (i) zu \u00fcberpr\u00fcfen, ob und welche personenbezogenen Daten wir \u00fcber Sie verarbeiten und Kopien dieser Daten zu erhalten, (ii) die Berichtigung, Erg\u00e4nzung, oder L\u00f6schung Ihrer personenbezogenen Daten zu verlangen, soweit diese falsch sind oder nicht rechtskonform verarbeitet werden, (iii) von uns zu verlangen, die Verarbeitung Ihrer personenbezogenen Daten einzuschr\u00e4nken, (iv) unter bestimmten Umst\u00e4nden<span class=\"Apple-converted-space\">\u00a0 <\/span>der Verarbeitung Ihrer personenbezogenen Daten zu widersprechen oder die f\u00fcr die Verarbeitung zuvor gegebene Einwilligung zu widerrufen, wobei ein Widerruf die Rechtsm\u00e4\u00dfigkeit der vor dem Widerruf erfolgten Verarbeitung nicht ber\u00fchrt, (v) Daten\u00fcbertragbarkeit zu verlangen, soweit Sie unser Gesch\u00e4ftspartner sind (vi) die Identit\u00e4t von Dritten, an welche Ihre personenbezogenen Daten \u00fcbermittelt werden, zu kennen und (vii) bei der Datenschutzbeh\u00f6rde Beschwerde zu erheben.<\/p>\n<h2><b><\/b>6. Unsere Kontaktdaten<\/h2>\n<p>Sollten Sie zu dieser Erkl\u00e4rung Fragen haben oder Antr\u00e4ge stellen wollen, wenden Sie sich bitte an uns:<\/p>\n<p><strong>Unigea Solar Projects GmbH<\/strong><br \/>\nJohann-Hittorf-Stra\u00dfe 8<br \/>\n12489 Berlin<br \/>\nDeutschland<br \/>\n<a href=\"mailto:&#x69;&#x6e;&#x66;&#x6f;&#x40;&#x75;&#x6e;&#x69;&#x67;&#x65;&#x61;&#x2d;&#x73;&#x70;&#x2e;&#x63;&#x6f;&#x6d;\">&#x69;&#x6e;&#x66;&#x6f;&#x40;<span class=\"oe_displaynone\">null<\/span>&#x75;&#x6e;&#x69;&#x67;&#x65;&#x61;&#x2d;&#x73;&#x70;&#x2e;&#x63;&#x6f;&#x6d;<\/a><\/p>\n<\/div> <\/div>","protected":false},"excerpt":{"rendered":"","protected":false},"author":1,"featured_media":0,"parent":0,"menu_order":12,"comment_status":"closed","ping_status":"closed","template":"","meta":[],"_links":{"self":[{"href":"https:\/\/www.unigea-sp.com\/de\/wp-json\/wp\/v2\/pages\/472\/"}],"collection":[{"href":"https:\/\/www.unigea-sp.com\/de\/wp-json\/wp\/v2\/pages\/"}],"about":[{"href":"https:\/\/www.unigea-sp.com\/de\/wp-json\/wp\/v2\/types\/page\/"}],"author":[{"embeddable":true,"href":"https:\/\/www.unigea-sp.com\/de\/wp-json\/wp\/v2\/users\/1\/"}],"replies":[{"embeddable":true,"href":"https:\/\/www.unigea-sp.com\/de\/wp-json\/wp\/v2\/comments\/?post=472"}],"version-history":[{"count":5,"href":"https:\/\/www.unigea-sp.com\/de\/wp-json\/wp\/v2\/pages\/472\/revisions\/"}],"predecessor-version":[{"id":638,"href":"https:\/\/www.unigea-sp.com\/de\/wp-json\/wp\/v2\/pages\/472\/revisions\/638\/"}],"wp:attachment":[{"href":"https:\/\/www.unigea-sp.com\/de\/wp-json\/wp\/v2\/media\/?parent=472"}],"curies":[{"name":"wp","href":"https:\/\/api.w.org\/{rel}","templated":true}]}}